{"id":633,"date":"2024-04-17T11:54:34","date_gmt":"2024-04-17T14:54:34","guid":{"rendered":"https:\/\/papelerakyapy.com\/?page_id=633"},"modified":"2026-03-30T23:17:46","modified_gmt":"2026-03-31T02:17:46","slug":"nosotros","status":"publish","type":"page","link":"https:\/\/papelerakyapy.com\/index.php\/nosotros\/","title":{"rendered":"Nosotros"},"content":{"rendered":"\t\t<div data-elementor-type=\"wp-page\" data-elementor-id=\"633\" class=\"elementor elementor-633\" data-elementor-post-type=\"page\">\n\t\t\t\t<div class=\"elementor-element elementor-element-4e4ab61 e-con-full e-flex wpr-particle-no wpr-jarallax-no wpr-parallax-no wpr-sticky-section-no wpr-equal-height-no e-con e-parent\" data-id=\"4e4ab61\" data-element_type=\"container\" data-e-type=\"container\" data-settings=\"{&quot;background_background&quot;:&quot;classic&quot;}\">\n\t\t\t\t<div class=\"elementor-element elementor-element-58c1dc0 elementor-widget elementor-widget-image\" data-id=\"58c1dc0\" data-element_type=\"widget\" data-e-type=\"widget\" data-widget_type=\"image.default\">\n\t\t\t\t<div class=\"elementor-widget-container\">\n\t\t\t\t\t\t\t\t\t\t\t\t\t\t\t<img fetchpriority=\"high\" decoding=\"async\" width=\"1920\" height=\"300\" src=\"https:\/\/papelerakyapy.com\/wp-content\/uploads\/2024\/04\/fondo_kya_nosotros.webp\" class=\"attachment-full size-full wp-image-667\" alt=\"\" srcset=\"https:\/\/papelerakyapy.com\/wp-content\/uploads\/2024\/04\/fondo_kya_nosotros.webp 1920w, https:\/\/papelerakyapy.com\/wp-content\/uploads\/2024\/04\/fondo_kya_nosotros-300x47.webp 300w, https:\/\/papelerakyapy.com\/wp-content\/uploads\/2024\/04\/fondo_kya_nosotros-1024x160.webp 1024w, https:\/\/papelerakyapy.com\/wp-content\/uploads\/2024\/04\/fondo_kya_nosotros-768x120.webp 768w, https:\/\/papelerakyapy.com\/wp-content\/uploads\/2024\/04\/fondo_kya_nosotros-1536x240.webp 1536w\" sizes=\"(max-width: 1920px) 100vw, 1920px\" \/>\t\t\t\t\t\t\t\t\t\t\t\t\t\t\t<\/div>\n\t\t\t\t<\/div>\n\t\t\t\t<\/div>\n\t\t<div class=\"elementor-element elementor-element-1555fca e-flex e-con-boxed wpr-particle-no wpr-jarallax-no wpr-parallax-no wpr-sticky-section-no wpr-equal-height-no e-con e-parent\" data-id=\"1555fca\" data-element_type=\"container\" data-e-type=\"container\">\n\t\t\t\t\t<div class=\"e-con-inner\">\n\t\t\t\t<div class=\"elementor-element elementor-element-23b566b elementor-widget elementor-widget-heading\" data-id=\"23b566b\" data-element_type=\"widget\" data-e-type=\"widget\" data-widget_type=\"heading.default\">\n\t\t\t\t<div class=\"elementor-widget-container\">\n\t\t\t\t\t<h2 class=\"elementor-heading-title elementor-size-default\">\"Somos una empresa familiar dedicada al <b> dise\u00f1o, producci\u00f3n y comercializaci\u00f3n <\/b> de una amplia gama de productos descartables, envases, packaging y soluciones de higiene institucional, orientada tanto a <b>clientes corporativos (B2B)<\/b> como a consumidores finales.\"<\/h2>\t\t\t\t<\/div>\n\t\t\t\t<\/div>\n\t\t\t\t<div class=\"elementor-element elementor-element-51e3948 elementor-widget elementor-widget-text-editor\" data-id=\"51e3948\" data-element_type=\"widget\" data-e-type=\"widget\" data-widget_type=\"text-editor.default\">\n\t\t\t\t<div class=\"elementor-widget-container\">\n\t\t\t\t\t\t\t\t\t<p>Iniciamos nuestras operaciones en el <strong>a\u00f1o 2000<\/strong> en un local c\u00e9ntrico de la ciudad de <strong>Encarnaci\u00f3n, Paraguay. Desde entonces, nos propusimos mejorar de manera continua el servicio, la disponibilidad y la variedad de art\u00edculos. Este compromiso impuls\u00f3 un proceso de crecimiento sostenido que incluy\u00f3 la incorporaci\u00f3n de maquinaria propia<\/strong> para la fabricaci\u00f3n de <strong>servilletas de papel<\/strong> y <strong>bolsas de papel<\/strong>, consolidando nuestra capacidad productiva local.<\/p><p>Hoy contamos con <strong>planta de fabricaci\u00f3n en Encarnaci\u00f3n<\/strong> y una <strong>sucursal comercial en Asunci\u00f3n, estrat\u00e9gicamente ubicada para estar m\u00e1s cerca de los principales centros de consumo. Adem\u00e1s, disponemos de un equipo de atenci\u00f3n telef\u00f3nica<\/strong> y <strong>asesores comerciales<\/strong>\u00a0que visitan negocios y empresas, brindando acompa\u00f1amiento en la elecci\u00f3n de productos, armado de pedidos y continuidad de abastecimiento.<\/p><p>Contamos tambi\u00e9n con <strong>flota propia de veh\u00edculos<\/strong>, lo que nos permite asegurar entregas \u00e1giles y confiables: el producto correcto, en el momento indicado, con una respuesta r\u00e1pida a las necesidades de cada cliente.<\/p>\t\t\t\t\t\t\t\t<\/div>\n\t\t\t\t<\/div>\n\t\t\t\t<div class=\"elementor-element elementor-element-23beed6 elementor-widget elementor-widget-image\" data-id=\"23beed6\" data-element_type=\"widget\" data-e-type=\"widget\" data-widget_type=\"image.default\">\n\t\t\t\t<div class=\"elementor-widget-container\">\n\t\t\t\t\t\t\t\t\t\t\t\t\t\t\t<img decoding=\"async\" width=\"1920\" height=\"600\" src=\"https:\/\/papelerakyapy.com\/wp-content\/uploads\/2026\/03\/kya-nosotros-imagen.webp\" class=\"attachment-full size-full wp-image-3091\" alt=\"\" srcset=\"https:\/\/papelerakyapy.com\/wp-content\/uploads\/2026\/03\/kya-nosotros-imagen.webp 1920w, https:\/\/papelerakyapy.com\/wp-content\/uploads\/2026\/03\/kya-nosotros-imagen-300x94.webp 300w, https:\/\/papelerakyapy.com\/wp-content\/uploads\/2026\/03\/kya-nosotros-imagen-1024x320.webp 1024w, https:\/\/papelerakyapy.com\/wp-content\/uploads\/2026\/03\/kya-nosotros-imagen-768x240.webp 768w, https:\/\/papelerakyapy.com\/wp-content\/uploads\/2026\/03\/kya-nosotros-imagen-1536x480.webp 1536w\" sizes=\"(max-width: 1920px) 100vw, 1920px\" \/>\t\t\t\t\t\t\t\t\t\t\t\t\t\t\t<\/div>\n\t\t\t\t<\/div>\n\t\t\t\t<div class=\"elementor-element elementor-element-009828d elementor-widget elementor-widget-text-editor\" data-id=\"009828d\" data-element_type=\"widget\" data-e-type=\"widget\" data-widget_type=\"text-editor.default\">\n\t\t\t\t<div class=\"elementor-widget-container\">\n\t\t\t\t\t\t\t\t\t<p>Somos fabricantes de <strong>servilletas de papel, sorbetes (pajitas), cajas para pizza y bolsas de papel<\/strong>\u00a0en <strong>kraft y cristal. Una de nuestras principales ventajas como fabricantes es la posibilidad de<\/strong> <strong>personalizar<\/strong>\u00a0productos con diferentes niveles de impresi\u00f3n: desde opciones sencillas hasta <strong>impresiones en policrom\u00eda de hasta cuatro colores<\/strong>, ayudando a que cada marca se diferencie en el punto de venta y en la experiencia del cliente final.<\/p><p>Como parte de nuestra responsabilidad y compromiso con la calidad, trabajamos con procesos que priorizan el <strong>cuidado del medio ambiente<\/strong> y la mejora continua, desde el dise\u00f1o hasta la impresi\u00f3n. Asimismo, contamos con la <strong>certificaci\u00f3n del INAL, que habilita nuestra producci\u00f3n para estar en contacto con alimentos<\/strong>, aportando tranquilidad y respaldo a nuestros clientes.<\/p><p>En Papelera KyA combinamos <strong>fabricaci\u00f3n propia, stock, log\u00edstica y asesoramiento comercial<\/strong>, para convertir el packaging y los insumos de cada negocio en una soluci\u00f3n simple, confiable y profesional.<\/p>\t\t\t\t\t\t\t\t<\/div>\n\t\t\t\t<\/div>\n\t\t\t\t\t<\/div>\n\t\t\t\t<\/div>\n\t\t\t\t<\/div>\n\t\t","protected":false},"excerpt":{"rendered":"<p>&#8220;Somos una empresa familiar dedicada al dise\u00f1o, producci\u00f3n y comercializaci\u00f3n de una amplia gama de productos descartables, envases, packaging y soluciones de higiene institucional, orientada tanto a clientes corporativos (B2B) como a consumidores finales.&#8221; Iniciamos nuestras operaciones en el a\u00f1o 2000 en un local c\u00e9ntrico de la ciudad de Encarnaci\u00f3n, Paraguay. Desde entonces, nos propusimos mejorar de manera continua el servicio, la disponibilidad y la variedad de art\u00edculos. Este compromiso impuls\u00f3 un proceso de crecimiento sostenido que incluy\u00f3 la incorporaci\u00f3n de maquinaria propia para la fabricaci\u00f3n de servilletas de papel y bolsas de papel, consolidando nuestra capacidad productiva local. Hoy contamos con planta de fabricaci\u00f3n en Encarnaci\u00f3n y una sucursal comercial en Asunci\u00f3n, estrat\u00e9gicamente ubicada para estar m\u00e1s cerca de los principales centros de consumo. Adem\u00e1s, disponemos de un equipo de atenci\u00f3n telef\u00f3nica y asesores comerciales\u00a0que visitan negocios y empresas, brindando acompa\u00f1amiento en la elecci\u00f3n de productos, armado de pedidos y continuidad de abastecimiento. Contamos tambi\u00e9n con flota propia de veh\u00edculos, lo que nos permite asegurar entregas \u00e1giles y confiables: el producto correcto, en el momento indicado, con una respuesta r\u00e1pida a las necesidades de cada cliente. Somos fabricantes de servilletas de papel, sorbetes (pajitas), cajas para pizza y bolsas de papel\u00a0en kraft y cristal. Una de nuestras principales ventajas como fabricantes es la posibilidad de personalizar\u00a0productos con diferentes niveles de impresi\u00f3n: desde opciones sencillas hasta impresiones en policrom\u00eda de hasta cuatro colores, ayudando a que cada marca se diferencie en el punto de venta y en la experiencia del cliente final. Como parte de nuestra responsabilidad y compromiso con la calidad, trabajamos con procesos que priorizan el cuidado del medio ambiente y la mejora continua, desde el dise\u00f1o hasta la impresi\u00f3n. Asimismo, contamos con la certificaci\u00f3n del INAL, que habilita nuestra producci\u00f3n para estar en contacto con alimentos, aportando tranquilidad y respaldo a nuestros clientes. En Papelera KyA combinamos fabricaci\u00f3n propia, stock, log\u00edstica y asesoramiento comercial, para convertir el packaging y los insumos de cada negocio en una soluci\u00f3n simple, confiable y profesional.<\/p>\n","protected":false},"author":2,"featured_media":0,"parent":0,"menu_order":0,"comment_status":"closed","ping_status":"closed","template":"elementor_header_footer","meta":{"_joinchat":[],"footnotes":""},"class_list":["post-633","page","type-page","status-publish","hentry"],"aioseo_notices":[],"_links":{"self":[{"href":"https:\/\/papelerakyapy.com\/index.php\/wp-json\/wp\/v2\/pages\/633","targetHints":{"allow":["GET"]}}],"collection":[{"href":"https:\/\/papelerakyapy.com\/index.php\/wp-json\/wp\/v2\/pages"}],"about":[{"href":"https:\/\/papelerakyapy.com\/index.php\/wp-json\/wp\/v2\/types\/page"}],"author":[{"embeddable":true,"href":"https:\/\/papelerakyapy.com\/index.php\/wp-json\/wp\/v2\/users\/2"}],"replies":[{"embeddable":true,"href":"https:\/\/papelerakyapy.com\/index.php\/wp-json\/wp\/v2\/comments?post=633"}],"version-history":[{"count":23,"href":"https:\/\/papelerakyapy.com\/index.php\/wp-json\/wp\/v2\/pages\/633\/revisions"}],"predecessor-version":[{"id":3200,"href":"https:\/\/papelerakyapy.com\/index.php\/wp-json\/wp\/v2\/pages\/633\/revisions\/3200"}],"wp:attachment":[{"href":"https:\/\/papelerakyapy.com\/index.php\/wp-json\/wp\/v2\/media?parent=633"}],"curies":[{"name":"wp","href":"https:\/\/api.w.org\/{rel}","templated":true}]}}