{"id":2839,"date":"2025-05-26T00:25:17","date_gmt":"2025-05-26T03:25:17","guid":{"rendered":"https:\/\/papelerakyapy.com\/?page_id=2839"},"modified":"2025-05-26T00:34:37","modified_gmt":"2025-05-26T03:34:37","slug":"bases-y-condiciones-sorteo-dia-del-padre","status":"publish","type":"page","link":"https:\/\/papelerakyapy.com\/index.php\/bases-y-condiciones-sorteo-dia-del-padre\/","title":{"rendered":"Bases y Condiciones \u2013 Sorteo &#8220;D\u00eda del Padre&#8221;"},"content":{"rendered":"\t\t<div data-elementor-type=\"wp-page\" data-elementor-id=\"2839\" class=\"elementor elementor-2839\" data-elementor-post-type=\"page\">\n\t\t\t\t<div class=\"elementor-element elementor-element-6a4269d e-flex e-con-boxed wpr-particle-no wpr-jarallax-no wpr-parallax-no wpr-sticky-section-no wpr-equal-height-no e-con e-parent\" data-id=\"6a4269d\" data-element_type=\"container\" data-e-type=\"container\">\n\t\t\t\t\t<div class=\"e-con-inner\">\n\t\t\t\t<div class=\"elementor-element elementor-element-93bf8d0 elementor-widget elementor-widget-heading\" data-id=\"93bf8d0\" data-element_type=\"widget\" data-e-type=\"widget\" data-widget_type=\"heading.default\">\n\t\t\t\t<div class=\"elementor-widget-container\">\n\t\t\t\t\t<h2 class=\"elementor-heading-title elementor-size-default\">Bases y Condiciones \u2013 Sorteo \"D\u00eda del Padre\"\n<\/h2>\t\t\t\t<\/div>\n\t\t\t\t<\/div>\n\t\t\t\t<div class=\"elementor-element elementor-element-fe2aadb elementor-widget elementor-widget-text-editor\" data-id=\"fe2aadb\" data-element_type=\"widget\" data-e-type=\"widget\" data-widget_type=\"text-editor.default\">\n\t\t\t\t<div class=\"elementor-widget-container\">\n\t\t\t\t\t\t\t\t\t<p><b>Organizador:<\/b><span style=\"font-weight: 400;\"> Papelera K&amp;A. <\/span><b>Vigencia:<\/b><span style=\"font-weight: 400;\"> Desde el 1 de junio del 2025 hasta el 14 de junio de 2025.\u00a0<\/span><\/p><p><b>Premio:<\/b><span style=\"font-weight: 400;\"> Una orden de compra cuyo valor equivale a la edad del padre del participante en miles de pesos argentinos. (Ejemplo: 50 a\u00f1os = $50.000).<\/span><\/p><p><b>Requisitos de participaci\u00f3n<\/b><\/p><ol><li style=\"font-weight: 400;\" aria-level=\"1\"><span style=\"font-weight: 400;\">Podr\u00e1n participar personas mayores de 18 a\u00f1os con domicilio en Argentina.<\/span><\/li><li style=\"font-weight: 400;\" aria-level=\"1\"><span style=\"font-weight: 400;\">El padre del participante deber\u00e1 estar con vida y acreditar su edad mediante la presentaci\u00f3n de su DNI.<\/span><\/li><li style=\"font-weight: 400;\" aria-level=\"1\"><span style=\"font-weight: 400;\">La edad m\u00e1xima tomada en cuenta para el premio es de 100 a\u00f1os.<\/span><\/li><\/ol><p><b>Mec\u00e1nica del sorteo<\/b><\/p><ol><li style=\"font-weight: 400;\" aria-level=\"1\"><span style=\"font-weight: 400;\">Los participantes deber\u00e1n comentar en las redes sociales de Papelera K&amp;A indicando la edad y el nombre de su padre.<\/span><\/li><li style=\"font-weight: 400;\" aria-level=\"1\"><span style=\"font-weight: 400;\">El sorteo se realizar\u00e1 el d\u00eda 14 de junio de 2025 de manera aleatoria entre quienes hayan cumplido con la mec\u00e1nica.<\/span><\/li><li style=\"font-weight: 400;\" aria-level=\"1\"><span style=\"font-weight: 400;\">El ganador ser\u00e1 anunciado en las redes sociales oficiales de Papelera K&amp;A.<\/span><\/li><\/ol><p><b>Entrega del premio<\/b><\/p><ol><li style=\"font-weight: 400;\" aria-level=\"1\"><span style=\"font-weight: 400;\">El ganador deber\u00e1 comunicarse dentro de los 3 d\u00edas h\u00e1biles posteriores al anuncio.<\/span><\/li><li style=\"font-weight: 400;\" aria-level=\"1\"><span style=\"font-weight: 400;\">Para la acreditaci\u00f3n, deber\u00e1 presentar su DNI y el DNI de su padre.<\/span><\/li><li style=\"font-weight: 400;\" aria-level=\"1\"><span style=\"font-weight: 400;\">La orden de compra no podr\u00e1 ser transferida ni canjeada por dinero en efectivo.<\/span><\/li><li style=\"font-weight: 400;\" aria-level=\"1\"><span style=\"font-weight: 400;\">El premio se entregar\u00e1 en orden de compra en uno de los locales habilitados de Papelera K&amp;A.\u00a0<\/span><\/li><\/ol><p><b>Aspectos legales<\/b><\/p><ol><li style=\"font-weight: 400;\" aria-level=\"1\"><span style=\"font-weight: 400;\">El organizador se reserva el derecho de modificar las bases o cancelar el sorteo en caso de fuerza mayor.<\/span><\/li><li style=\"font-weight: 400;\" aria-level=\"1\"><span style=\"font-weight: 400;\">Los datos personales recabados ser\u00e1n utilizados exclusivamente para la gesti\u00f3n del sorteo, respetando la Ley de Protecci\u00f3n de Datos Personales N\u00b0 25.326.<\/span><\/li><li style=\"font-weight: 400;\" aria-level=\"1\"><span style=\"font-weight: 400;\">La participaci\u00f3n en el sorteo implica la aceptaci\u00f3n total de estas bases y condiciones.<\/span><\/li><li style=\"font-weight: 400;\" aria-level=\"1\"><span style=\"font-weight: 400;\">El ganador autoriza a Papelera K&amp;A a utilizar su imagen para fines promocionales en cualquier medio de comunicaci\u00f3n que la empresa considere apropiado.<\/span><\/li><\/ol>\t\t\t\t\t\t\t\t<\/div>\n\t\t\t\t<\/div>\n\t\t\t\t\t<\/div>\n\t\t\t\t<\/div>\n\t\t\t\t<\/div>\n\t\t","protected":false},"excerpt":{"rendered":"<p>Bases y Condiciones \u2013 Sorteo &#8220;D\u00eda del Padre&#8221; Organizador: Papelera K&amp;A. Vigencia: Desde el 1 de junio del 2025 hasta el 14 de junio de 2025.\u00a0 Premio: Una orden de compra cuyo valor equivale a la edad del padre del participante en miles de pesos argentinos. (Ejemplo: 50 a\u00f1os = $50.000). Requisitos de participaci\u00f3n Podr\u00e1n participar personas mayores de 18 a\u00f1os con domicilio en Argentina. El padre del participante deber\u00e1 estar con vida y acreditar su edad mediante la presentaci\u00f3n de su DNI. La edad m\u00e1xima tomada en cuenta para el premio es de 100 a\u00f1os. Mec\u00e1nica del sorteo Los participantes deber\u00e1n comentar en las redes sociales de Papelera K&amp;A indicando la edad y el nombre de su padre. El sorteo se realizar\u00e1 el d\u00eda 14 de junio de 2025 de manera aleatoria entre quienes hayan cumplido con la mec\u00e1nica. El ganador ser\u00e1 anunciado en las redes sociales oficiales de Papelera K&amp;A. Entrega del premio El ganador deber\u00e1 comunicarse dentro de los 3 d\u00edas h\u00e1biles posteriores al anuncio. Para la acreditaci\u00f3n, deber\u00e1 presentar su DNI y el DNI de su padre. La orden de compra no podr\u00e1 ser transferida ni canjeada por dinero en efectivo. El premio se entregar\u00e1 en orden de compra en uno de los locales habilitados de Papelera K&amp;A.\u00a0 Aspectos legales El organizador se reserva el derecho de modificar las bases o cancelar el sorteo en caso de fuerza mayor. Los datos personales recabados ser\u00e1n utilizados exclusivamente para la gesti\u00f3n del sorteo, respetando la Ley de Protecci\u00f3n de Datos Personales N\u00b0 25.326. La participaci\u00f3n en el sorteo implica la aceptaci\u00f3n total de estas bases y condiciones. El ganador autoriza a Papelera K&amp;A a utilizar su imagen para fines promocionales en cualquier medio de comunicaci\u00f3n que la empresa considere apropiado.<\/p>\n","protected":false},"author":2,"featured_media":2780,"parent":0,"menu_order":0,"comment_status":"closed","ping_status":"closed","template":"","meta":{"_joinchat":[],"footnotes":""},"class_list":["post-2839","page","type-page","status-publish","has-post-thumbnail","hentry"],"aioseo_notices":[],"_links":{"self":[{"href":"https:\/\/papelerakyapy.com\/index.php\/wp-json\/wp\/v2\/pages\/2839","targetHints":{"allow":["GET"]}}],"collection":[{"href":"https:\/\/papelerakyapy.com\/index.php\/wp-json\/wp\/v2\/pages"}],"about":[{"href":"https:\/\/papelerakyapy.com\/index.php\/wp-json\/wp\/v2\/types\/page"}],"author":[{"embeddable":true,"href":"https:\/\/papelerakyapy.com\/index.php\/wp-json\/wp\/v2\/users\/2"}],"replies":[{"embeddable":true,"href":"https:\/\/papelerakyapy.com\/index.php\/wp-json\/wp\/v2\/comments?post=2839"}],"version-history":[{"count":8,"href":"https:\/\/papelerakyapy.com\/index.php\/wp-json\/wp\/v2\/pages\/2839\/revisions"}],"predecessor-version":[{"id":2856,"href":"https:\/\/papelerakyapy.com\/index.php\/wp-json\/wp\/v2\/pages\/2839\/revisions\/2856"}],"wp:featuredmedia":[{"embeddable":true,"href":"https:\/\/papelerakyapy.com\/index.php\/wp-json\/wp\/v2\/media\/2780"}],"wp:attachment":[{"href":"https:\/\/papelerakyapy.com\/index.php\/wp-json\/wp\/v2\/media?parent=2839"}],"curies":[{"name":"wp","href":"https:\/\/api.w.org\/{rel}","templated":true}]}}